{"id":861,"date":"2024-02-16T10:28:15","date_gmt":"2024-02-16T10:28:15","guid":{"rendered":"https:\/\/zselicszive.hu\/?page_id=861"},"modified":"2025-12-27T16:40:42","modified_gmt":"2025-12-27T16:40:42","slug":"pajtahaz","status":"publish","type":"page","link":"https:\/\/zselicszive.hu\/en\/szallashelyeink\/pajtahaz\/","title":{"rendered":"BARNHOUSE"},"content":{"rendered":"<div data-elementor-type=\"wp-page\" data-elementor-id=\"861\" class=\"elementor elementor-861\" data-elementor-post-type=\"page\">\n\t\t\t\t<div class=\"elementor-element elementor-element-d6860e2 e-flex e-con-boxed e-con e-parent\" data-id=\"d6860e2\" data-element_type=\"container\" data-e-type=\"container\">\n\t\t\t\t\t<div class=\"e-con-inner\">\n\t\t\t\t<div class=\"elementor-element elementor-element-fb51bc0 elementor-arrows-position-inside elementor-widget elementor-widget-image-carousel\" data-id=\"fb51bc0\" data-element_type=\"widget\" data-e-type=\"widget\" data-settings=\"{&quot;navigation&quot;:&quot;arrows&quot;,&quot;pause_on_hover&quot;:&quot;no&quot;,&quot;pause_on_interaction&quot;:&quot;no&quot;,&quot;autoplay_speed&quot;:3000,&quot;autoplay&quot;:&quot;yes&quot;,&quot;infinite&quot;:&quot;yes&quot;,&quot;speed&quot;:500,&quot;image_spacing_custom&quot;:{&quot;unit&quot;:&quot;px&quot;,&quot;size&quot;:20,&quot;sizes&quot;:[]},&quot;image_spacing_custom_tablet&quot;:{&quot;unit&quot;:&quot;px&quot;,&quot;size&quot;:&quot;&quot;,&quot;sizes&quot;:[]},&quot;image_spacing_custom_mobile&quot;:{&quot;unit&quot;:&quot;px&quot;,&quot;size&quot;:&quot;&quot;,&quot;sizes&quot;:[]}}\" data-widget_type=\"image-carousel.default\">\n\t\t\t\t<div class=\"elementor-widget-container\">\n\t\t\t\t\t\t\t<div class=\"elementor-image-carousel-wrapper swiper\" role=\"region\" aria-roledescription=\"carousel\" aria-label=\"K\u00e9p k\u00f6rhinta\" dir=\"ltr\">\n\t\t\t<div class=\"elementor-image-carousel swiper-wrapper swiper-image-stretch\" aria-live=\"off\">\n\t\t\t\t\t\t\t\t<div class=\"swiper-slide\" role=\"group\" aria-roledescription=\"slide\" aria-label=\"1 \/ 12\"><figure class=\"swiper-slide-inner\"><img decoding=\"async\" class=\"swiper-slide-image\" src=\"https:\/\/zselicszive.hu\/wp-content\/uploads\/2024\/03\/IMG_20230405_114630-masolata-scaled.jpg\" alt=\"IMG_20230405_114630 m\u00e1solata\" \/><\/figure><\/div><div class=\"swiper-slide\" role=\"group\" aria-roledescription=\"slide\" aria-label=\"2 \/ 12\"><figure class=\"swiper-slide-inner\"><img decoding=\"async\" class=\"swiper-slide-image\" src=\"https:\/\/zselicszive.hu\/wp-content\/uploads\/2024\/03\/Zselic-szive-vendeghaz-2023-12-kicsi.jpg\" alt=\"Zselic sz\u00edve vend\u00e9gh\u00e1z 2023 12 kicsi\" \/><\/figure><\/div><div class=\"swiper-slide\" role=\"group\" aria-roledescription=\"slide\" aria-label=\"3 \/ 12\"><figure class=\"swiper-slide-inner\"><img decoding=\"async\" class=\"swiper-slide-image\" src=\"https:\/\/zselicszive.hu\/wp-content\/uploads\/2024\/01\/1704307466385-scaled.jpg\" alt=\"1704307466385\" \/><\/figure><\/div><div class=\"swiper-slide\" role=\"group\" aria-roledescription=\"slide\" aria-label=\"4 \/ 12\"><figure class=\"swiper-slide-inner\"><img decoding=\"async\" class=\"swiper-slide-image\" src=\"https:\/\/zselicszive.hu\/wp-content\/uploads\/2024\/03\/Zselic-szive-vendeghaz-2023-13-kicsi-masolata.jpg\" alt=\"Zselic sz\u00edve vend\u00e9gh\u00e1z 2023 13 kicsi m\u00e1solata\" \/><\/figure><\/div><div class=\"swiper-slide\" role=\"group\" aria-roledescription=\"slide\" aria-label=\"5 \/ 12\"><figure class=\"swiper-slide-inner\"><img decoding=\"async\" class=\"swiper-slide-image\" src=\"https:\/\/zselicszive.hu\/wp-content\/uploads\/2024\/03\/Zselic-szive-vendeghaz-2023-14-kicsi-masolata.jpg\" alt=\"Zselic sz\u00edve vend\u00e9gh\u00e1z 2023 14 kicsi m\u00e1solata\" \/><\/figure><\/div><div class=\"swiper-slide\" role=\"group\" aria-roledescription=\"slide\" aria-label=\"6 \/ 12\"><figure class=\"swiper-slide-inner\"><img decoding=\"async\" class=\"swiper-slide-image\" src=\"https:\/\/zselicszive.hu\/wp-content\/uploads\/2024\/03\/Zselic-szive-vendeghaz-2023-15-kicsi.jpg\" alt=\"Zselic sz\u00edve vend\u00e9gh\u00e1z 2023 15 kicsi\" \/><\/figure><\/div><div class=\"swiper-slide\" role=\"group\" aria-roledescription=\"slide\" aria-label=\"7 \/ 12\"><figure class=\"swiper-slide-inner\"><img decoding=\"async\" class=\"swiper-slide-image\" src=\"https:\/\/zselicszive.hu\/wp-content\/uploads\/2024\/03\/Zselic-szive-vendeghaz-2023-16-kicsi-masolata.jpg\" alt=\"Zselic sz\u00edve vend\u00e9gh\u00e1z 2023 16 kicsi m\u00e1solata\" \/><\/figure><\/div><div class=\"swiper-slide\" role=\"group\" aria-roledescription=\"slide\" aria-label=\"8 \/ 12\"><figure class=\"swiper-slide-inner\"><img decoding=\"async\" class=\"swiper-slide-image\" src=\"https:\/\/zselicszive.hu\/wp-content\/uploads\/2024\/03\/Zselic-szive-vendeghaz-2023-17-kicsi-masolata.jpg\" alt=\"Zselic sz\u00edve vend\u00e9gh\u00e1z 2023 17 kicsi m\u00e1solata\" \/><\/figure><\/div><div class=\"swiper-slide\" role=\"group\" aria-roledescription=\"slide\" aria-label=\"9 \/ 12\"><figure class=\"swiper-slide-inner\"><img decoding=\"async\" class=\"swiper-slide-image\" src=\"https:\/\/zselicszive.hu\/wp-content\/uploads\/2024\/03\/Zselic-szive-vendeghaz-2023-18-kicsi-masolata.jpg\" alt=\"Zselic sz\u00edve vend\u00e9gh\u00e1z 2023 18 kicsi m\u00e1solata\" \/><\/figure><\/div><div class=\"swiper-slide\" role=\"group\" aria-roledescription=\"slide\" aria-label=\"10 \/ 12\"><figure class=\"swiper-slide-inner\"><img decoding=\"async\" class=\"swiper-slide-image\" src=\"https:\/\/zselicszive.hu\/wp-content\/uploads\/2024\/03\/Zselic-szive-vendeghaz-2023-19-kicsi-masolata.jpg\" alt=\"Zselic sz\u00edve vend\u00e9gh\u00e1z 2023 19 kicsi m\u00e1solata\" \/><\/figure><\/div><div class=\"swiper-slide\" role=\"group\" aria-roledescription=\"slide\" aria-label=\"11 \/ 12\"><figure class=\"swiper-slide-inner\"><img decoding=\"async\" class=\"swiper-slide-image\" src=\"https:\/\/zselicszive.hu\/wp-content\/uploads\/2024\/03\/Zselic-szive-vendeghaz-2023-20-kicsi.jpg\" alt=\"Zselic sz\u00edve vend\u00e9gh\u00e1z 2023 20 kicsi\" \/><\/figure><\/div><div class=\"swiper-slide\" role=\"group\" aria-roledescription=\"slide\" aria-label=\"12 \/ 12\"><figure class=\"swiper-slide-inner\"><img decoding=\"async\" class=\"swiper-slide-image\" src=\"https:\/\/zselicszive.hu\/wp-content\/uploads\/2024\/03\/Zselic-szive-vendeghaz-2023-21-kicsi.jpg\" alt=\"Zselic sz\u00edve vend\u00e9gh\u00e1z 2023 21 kicsi\" \/><\/figure><\/div>\t\t\t<\/div>\n\t\t\t\t\t\t\t\t\t\t\t\t<div class=\"elementor-swiper-button elementor-swiper-button-prev\" role=\"button\" tabindex=\"0\">\n\t\t\t\t\t\t<svg aria-hidden=\"true\" class=\"e-font-icon-svg e-eicon-chevron-left\" viewbox=\"0 0 1000 1000\" xmlns=\"http:\/\/www.w3.org\/2000\/svg\"><path d=\"M646 125C629 125 613 133 604 142L308 442C296 454 292 471 292 487 292 504 296 521 308 533L604 854C617 867 629 875 646 875 663 875 679 871 692 858 704 846 713 829 713 812 713 796 708 779 692 767L438 487 692 225C700 217 708 204 708 187 708 171 704 154 692 142 675 129 663 125 646 125Z\"><\/path><\/svg>\t\t\t\t\t<\/div>\n\t\t\t\t\t<div class=\"elementor-swiper-button elementor-swiper-button-next\" role=\"button\" tabindex=\"0\">\n\t\t\t\t\t\t<svg aria-hidden=\"true\" class=\"e-font-icon-svg e-eicon-chevron-right\" viewbox=\"0 0 1000 1000\" xmlns=\"http:\/\/www.w3.org\/2000\/svg\"><path d=\"M696 533C708 521 713 504 713 487 713 471 708 454 696 446L400 146C388 133 375 125 354 125 338 125 325 129 313 142 300 154 292 171 292 187 292 204 296 221 308 233L563 492 304 771C292 783 288 800 288 817 288 833 296 850 308 863 321 871 338 875 354 875 371 875 388 867 400 854L696 533Z\"><\/path><\/svg>\t\t\t\t\t<\/div>\n\t\t\t\t\n\t\t\t\t\t\t\t\t\t<\/div>\n\t\t\t\t\t\t<\/div>\n\t\t\t\t<\/div>\n\t\t<div class=\"elementor-element elementor-element-640fc34 e-flex e-con-boxed e-con e-child\" data-id=\"640fc34\" data-element_type=\"container\" data-e-type=\"container\">\n\t\t\t\t\t<div class=\"e-con-inner\">\n\t\t\t\t<div class=\"elementor-element elementor-element-42da28a elementor-widget elementor-widget-text-editor\" data-id=\"42da28a\" data-element_type=\"widget\" data-e-type=\"widget\" data-widget_type=\"text-editor.default\">\n\t\t\t\t<div class=\"elementor-widget-container\">\n\t\t\t\t\t\t\t\t\t<p>The Barn House is a rustically renovated 2-person village accommodation. With its thick brick walls, it evokes memories of old times, and the furnishings were selected so that the guest can take a little time travel. Upon entering the guesthouse, you will find yourself in a very spacious living room, with a fully equipped kitchen opening from it. The house has a separate bathroom and a separate bedroom, which can be added as an extra bed if required. There is a direct connection from the living room of the house to a filegoria, from which you can enjoy a beautiful view of the huge yard and the forest surrounding us.<\/p>\t\t\t\t\t\t\t\t<\/div>\n\t\t\t\t<\/div>\n\t\t\t\t\t<\/div>\n\t\t\t\t<\/div>\n\t\t<div class=\"elementor-element elementor-element-acc5fc6 e-flex e-con-boxed e-con e-child\" data-id=\"acc5fc6\" data-element_type=\"container\" data-e-type=\"container\">\n\t\t\t\t\t<div class=\"e-con-inner\">\n\t\t\t\t<div class=\"elementor-element elementor-element-d204011 elementor-align-center elementor-widget elementor-widget-button\" data-id=\"d204011\" data-element_type=\"widget\" data-e-type=\"widget\" data-widget_type=\"button.default\">\n\t\t\t\t<div class=\"elementor-widget-container\">\n\t\t\t\t\t\t\t\t\t<div class=\"elementor-button-wrapper\">\n\t\t\t\t\t<a class=\"elementor-button elementor-button-link elementor-size-md\" href=\"https:\/\/zselicszive.hu\/en\/kapcsolat\/\">\n\t\t\t\t\t\t<span class=\"elementor-button-content-wrapper\">\n\t\t\t\t\t\t\t\t\t<span class=\"elementor-button-text\">Book Now<\/span>\n\t\t\t\t\t<\/span>\n\t\t\t\t\t<\/a>\n\t\t\t\t<\/div>\n\t\t\t\t\t\t\t\t<\/div>\n\t\t\t\t<\/div>\n\t\t\t\t\t<\/div>\n\t\t\t\t<\/div>\n\t\t<div class=\"elementor-element elementor-element-e32c2e4 e-flex e-con-boxed e-con e-child\" data-id=\"e32c2e4\" data-element_type=\"container\" data-e-type=\"container\">\n\t\t\t\t\t<div class=\"e-con-inner\">\n\t\t\t\t<div class=\"elementor-element elementor-element-a468cba elementor-widget elementor-widget-heading\" data-id=\"a468cba\" data-element_type=\"widget\" data-e-type=\"widget\" data-widget_type=\"heading.default\">\n\t\t\t\t<div class=\"elementor-widget-container\">\n\t\t\t\t\t<h2 class=\"elementor-heading-title elementor-size-default\">INFORMATIONS <\/h2>\t\t\t\t<\/div>\n\t\t\t\t<\/div>\n\t\t<div class=\"elementor-element elementor-element-83cfa66 e-flex e-con-boxed e-con e-child\" data-id=\"83cfa66\" data-element_type=\"container\" data-e-type=\"container\">\n\t\t\t\t\t<div class=\"e-con-inner\">\n\t\t\t\t<div class=\"elementor-element elementor-element-1d9c78a elementor-widget elementor-widget-text-editor\" data-id=\"1d9c78a\" data-element_type=\"widget\" data-e-type=\"widget\" data-widget_type=\"text-editor.default\">\n\t\t\t\t<div class=\"elementor-widget-container\">\n\t\t\t\t\t\t\t\t\t<ul><li>can be booked for up to 3 people (2 people + 1 person or child on an extra bed)<\/li><li>extra bed costs 9000 Ft\/night\/person<\/li><li>only guests can stay at the accommodation<\/li><li>it has a floor area of \u200b\u200b90 m2<\/li><li>the plot is 6000 m2 shared with the Farmhouse<\/li><li>can be booked for a minimum of 2 days<\/li><li>the accomodation fee is 12,000 HUF\/person\/night which includes the tourist tax<\/li><li>you can pay with OTP SZ\u00c9P Card, bank card and bank transfer<\/li><li>30% deposit is required for booking<\/li><li>14 days prior to arrival the remaining bill needs to be settled<\/li><li>guests can pick up the keys from a key safe<\/li><li>the reservation can be canceled freely up to 14 days before arrival, we cannot refund the 30% deposit within the 14th day<\/li><li>check in from 15.00 pm<\/li><li>check out until 10.00 am<\/li><li>self catering<\/li><li>en-suite room with walk in shower<\/li><li>pets not allowed<\/li><li>non smoking<\/li><li>electric radiator provides heat<\/li><li>open separate parking space<\/li><\/ul>\t\t\t\t\t\t\t\t<\/div>\n\t\t\t\t<\/div>\n\t\t<div class=\"elementor-element elementor-element-76a62c3 e-flex e-con-boxed e-con e-child\" data-id=\"76a62c3\" data-element_type=\"container\" data-e-type=\"container\">\n\t\t\t\t\t<div class=\"e-con-inner\">\n\t\t\t\t<div class=\"elementor-element elementor-element-4c4d88b elementor-widget elementor-widget-heading\" data-id=\"4c4d88b\" data-element_type=\"widget\" data-e-type=\"widget\" data-widget_type=\"heading.default\">\n\t\t\t\t<div class=\"elementor-widget-container\">\n\t\t\t\t\t<h2 class=\"elementor-heading-title elementor-size-default\">FACILITIES<\/h2>\t\t\t\t<\/div>\n\t\t\t\t<\/div>\n\t\t\t\t\t<\/div>\n\t\t\t\t<\/div>\n\t\t\t\t<div class=\"elementor-element elementor-element-542b290 elementor-widget-divider--view-line elementor-widget elementor-widget-divider\" data-id=\"542b290\" data-element_type=\"widget\" data-e-type=\"widget\" data-widget_type=\"divider.default\">\n\t\t\t\t<div class=\"elementor-widget-container\">\n\t\t\t\t\t\t\t<div class=\"elementor-divider\">\n\t\t\t<span class=\"elementor-divider-separator\">\n\t\t\t\t\t\t<\/span>\n\t\t<\/div>\n\t\t\t\t\t\t<\/div>\n\t\t\t\t<\/div>\n\t\t\t\t\t<\/div>\n\t\t\t\t<\/div>\n\t\t\t\t\t<\/div>\n\t\t\t\t<\/div>\n\t\t\t\t\t<\/div>\n\t\t\t\t<\/div>\n\t\t<div class=\"elementor-element elementor-element-ebd3497 e-flex e-con-boxed e-con e-parent\" data-id=\"ebd3497\" data-element_type=\"container\" data-e-type=\"container\">\n\t\t\t\t\t<div class=\"e-con-inner\">\n\t\t\t\t<div class=\"elementor-element elementor-element-1a34b0a elementor-arrows-position-inside elementor-pagination-position-outside elementor-widget elementor-widget-image-carousel\" data-id=\"1a34b0a\" data-element_type=\"widget\" data-e-type=\"widget\" data-settings=\"{&quot;navigation&quot;:&quot;both&quot;,&quot;autoplay&quot;:&quot;yes&quot;,&quot;autoplay_speed&quot;:5000,&quot;infinite&quot;:&quot;yes&quot;,&quot;speed&quot;:500}\" data-widget_type=\"image-carousel.default\">\n\t\t\t\t<div class=\"elementor-widget-container\">\n\t\t\t\t\t\t\t<div class=\"elementor-image-carousel-wrapper swiper\" role=\"region\" aria-roledescription=\"carousel\" aria-label=\"K\u00e9p k\u00f6rhinta\" dir=\"ltr\">\n\t\t\t<div class=\"elementor-image-carousel swiper-wrapper\" aria-live=\"off\">\n\t\t\t\t\t\t\t\t<div class=\"swiper-slide\" role=\"group\" aria-roledescription=\"slide\" aria-label=\"1 \/ 5\"><figure class=\"swiper-slide-inner\"><img decoding=\"async\" class=\"swiper-slide-image\" src=\"https:\/\/zselicszive.hu\/wp-content\/uploads\/2024\/11\/E-bike.jpg\" alt=\"E bike\" \/><\/figure><\/div><div class=\"swiper-slide\" role=\"group\" aria-roledescription=\"slide\" aria-label=\"2 \/ 5\"><figure class=\"swiper-slide-inner\"><img decoding=\"async\" class=\"swiper-slide-image\" src=\"https:\/\/zselicszive.hu\/wp-content\/uploads\/2024\/11\/wifi.jpg\" alt=\"wifi\" \/><\/figure><\/div><div class=\"swiper-slide\" role=\"group\" aria-roledescription=\"slide\" aria-label=\"3 \/ 5\"><figure class=\"swiper-slide-inner\"><img decoding=\"async\" class=\"swiper-slide-image\" src=\"https:\/\/zselicszive.hu\/wp-content\/uploads\/2024\/11\/Tuzrako.jpg\" alt=\"T\u0171zrak\u00f3\" \/><\/figure><\/div><div class=\"swiper-slide\" role=\"group\" aria-roledescription=\"slide\" aria-label=\"4 \/ 5\"><figure class=\"swiper-slide-inner\"><img decoding=\"async\" class=\"swiper-slide-image\" src=\"https:\/\/zselicszive.hu\/wp-content\/uploads\/2024\/11\/Kepernyokep-2024-11-23-153758.jpg\" alt=\"K\u00e9perny\u0151k\u00e9p 2024-11-23 153758\" \/><\/figure><\/div><div class=\"swiper-slide\" role=\"group\" aria-roledescription=\"slide\" aria-label=\"5 \/ 5\"><figure class=\"swiper-slide-inner\"><img decoding=\"async\" class=\"swiper-slide-image\" src=\"https:\/\/zselicszive.hu\/wp-content\/uploads\/2024\/11\/Kerekpar.jpg\" alt=\"Ker\u00e9kp\u00e1r\" \/><\/figure><\/div>\t\t\t<\/div>\n\t\t\t\t\t\t\t\t\t\t\t\t<div class=\"elementor-swiper-button elementor-swiper-button-prev\" role=\"button\" tabindex=\"0\">\n\t\t\t\t\t\t<svg aria-hidden=\"true\" class=\"e-font-icon-svg e-eicon-chevron-left\" viewbox=\"0 0 1000 1000\" xmlns=\"http:\/\/www.w3.org\/2000\/svg\"><path d=\"M646 125C629 125 613 133 604 142L308 442C296 454 292 471 292 487 292 504 296 521 308 533L604 854C617 867 629 875 646 875 663 875 679 871 692 858 704 846 713 829 713 812 713 796 708 779 692 767L438 487 692 225C700 217 708 204 708 187 708 171 704 154 692 142 675 129 663 125 646 125Z\"><\/path><\/svg>\t\t\t\t\t<\/div>\n\t\t\t\t\t<div class=\"elementor-swiper-button elementor-swiper-button-next\" role=\"button\" tabindex=\"0\">\n\t\t\t\t\t\t<svg aria-hidden=\"true\" class=\"e-font-icon-svg e-eicon-chevron-right\" viewbox=\"0 0 1000 1000\" xmlns=\"http:\/\/www.w3.org\/2000\/svg\"><path d=\"M696 533C708 521 713 504 713 487 713 471 708 454 696 446L400 146C388 133 375 125 354 125 338 125 325 129 313 142 300 154 292 171 292 187 292 204 296 221 308 233L563 492 304 771C292 783 288 800 288 817 288 833 296 850 308 863 321 871 338 875 354 875 371 875 388 867 400 854L696 533Z\"><\/path><\/svg>\t\t\t\t\t<\/div>\n\t\t\t\t\n\t\t\t\t\t\t\t\t\t<div class=\"swiper-pagination\"><\/div>\n\t\t\t\t\t\t\t\t\t<\/div>\n\t\t\t\t\t\t<\/div>\n\t\t\t\t<\/div>\n\t\t\t\t\t<\/div>\n\t\t\t\t<\/div>\n\t\t\t\t<\/div>","protected":false},"excerpt":{"rendered":"<p>A Pajtah\u00e1z egy n\u00e9piesen fel\u00faj\u00edtott 2 f\u00e9r\u0151helyes falusi sz\u00e1ll\u00e1shely. Vastag t\u00e9gla falaival a r\u00e9gi id\u0151k eml\u00e9k\u00e9t id\u00e9zi, a berendez\u00e9si t\u00e1rgyakat \u00fagy v\u00e1logattuk \u00f6ssze, hogy egy kis id\u0151utaz\u00e1son vegyen r\u00e9szt a vend\u00e9g. A vend\u00e9gh\u00e1zba bel\u00e9pve egy nagyon t\u00e1gas nappaliban tal\u00e1lj\u00e1k magunkat, az abb\u00f3l ny\u00edl\u00f3 konyha mindennel felszerelt. A h\u00e1zban egy k\u00fcl\u00f6n\u00e1ll\u00f3 f\u00fcrd\u0151szoba \u00e9s egy k\u00fcl\u00f6n\u00e1ll\u00f3 h\u00e1l\u00f3szoba [&hellip;]<\/p>\n","protected":false},"author":1,"featured_media":0,"parent":41,"menu_order":0,"comment_status":"closed","ping_status":"closed","template":"elementor_header_footer","meta":{"ngg_post_thumbnail":0,"footnotes":""},"class_list":["post-861","page","type-page","status-publish","hentry","post"],"_links":{"self":[{"href":"https:\/\/zselicszive.hu\/en\/wp-json\/wp\/v2\/pages\/861","targetHints":{"allow":["GET"]}}],"collection":[{"href":"https:\/\/zselicszive.hu\/en\/wp-json\/wp\/v2\/pages"}],"about":[{"href":"https:\/\/zselicszive.hu\/en\/wp-json\/wp\/v2\/types\/page"}],"author":[{"embeddable":true,"href":"https:\/\/zselicszive.hu\/en\/wp-json\/wp\/v2\/users\/1"}],"replies":[{"embeddable":true,"href":"https:\/\/zselicszive.hu\/en\/wp-json\/wp\/v2\/comments?post=861"}],"version-history":[{"count":84,"href":"https:\/\/zselicszive.hu\/en\/wp-json\/wp\/v2\/pages\/861\/revisions"}],"predecessor-version":[{"id":2346,"href":"https:\/\/zselicszive.hu\/en\/wp-json\/wp\/v2\/pages\/861\/revisions\/2346"}],"up":[{"embeddable":true,"href":"https:\/\/zselicszive.hu\/en\/wp-json\/wp\/v2\/pages\/41"}],"wp:attachment":[{"href":"https:\/\/zselicszive.hu\/en\/wp-json\/wp\/v2\/media?parent=861"}],"curies":[{"name":"wp","href":"https:\/\/api.w.org\/{rel}","templated":true}]}}