{"id":841,"date":"2024-02-15T09:51:19","date_gmt":"2024-02-15T09:51:19","guid":{"rendered":"https:\/\/zselicszive.hu\/?page_id=841"},"modified":"2026-03-27T10:32:21","modified_gmt":"2026-03-27T10:32:21","slug":"paraszthaz","status":"publish","type":"page","link":"https:\/\/zselicszive.hu\/en\/szallashelyeink\/paraszthaz\/","title":{"rendered":"FARMHOUSE"},"content":{"rendered":"<div data-elementor-type=\"wp-page\" data-elementor-id=\"841\" class=\"elementor elementor-841\" data-elementor-post-type=\"page\">\n\t\t\t\t<div class=\"elementor-element elementor-element-3124ebe2 e-con-full e-flex e-con e-parent\" data-id=\"3124ebe2\" data-element_type=\"container\" data-e-type=\"container\">\n\t\t\t\t<div class=\"elementor-element elementor-element-7ac47af elementor-arrows-position-inside elementor-widget elementor-widget-image-carousel\" data-id=\"7ac47af\" data-element_type=\"widget\" data-e-type=\"widget\" data-settings=\"{&quot;navigation&quot;:&quot;arrows&quot;,&quot;pause_on_hover&quot;:&quot;no&quot;,&quot;pause_on_interaction&quot;:&quot;no&quot;,&quot;autoplay_speed&quot;:3000,&quot;autoplay&quot;:&quot;yes&quot;,&quot;infinite&quot;:&quot;yes&quot;,&quot;speed&quot;:500,&quot;image_spacing_custom&quot;:{&quot;unit&quot;:&quot;px&quot;,&quot;size&quot;:20,&quot;sizes&quot;:[]},&quot;image_spacing_custom_tablet&quot;:{&quot;unit&quot;:&quot;px&quot;,&quot;size&quot;:&quot;&quot;,&quot;sizes&quot;:[]},&quot;image_spacing_custom_mobile&quot;:{&quot;unit&quot;:&quot;px&quot;,&quot;size&quot;:&quot;&quot;,&quot;sizes&quot;:[]}}\" data-widget_type=\"image-carousel.default\">\n\t\t\t\t<div class=\"elementor-widget-container\">\n\t\t\t\t\t\t\t<div class=\"elementor-image-carousel-wrapper swiper\" role=\"region\" aria-roledescription=\"carousel\" aria-label=\"K\u00e9p k\u00f6rhinta\" dir=\"ltr\">\n\t\t\t<div class=\"elementor-image-carousel swiper-wrapper swiper-image-stretch\" aria-live=\"off\">\n\t\t\t\t\t\t\t\t<div class=\"swiper-slide\" role=\"group\" aria-roledescription=\"slide\" aria-label=\"1 \/ 9\"><figure class=\"swiper-slide-inner\"><img decoding=\"async\" class=\"swiper-slide-image\" src=\"https:\/\/zselicszive.hu\/wp-content\/uploads\/2024\/03\/Zselic-szive-vendeghaz-2023-10-kicsi-2.jpg\" alt=\"Zselic sz\u00edve vend\u00e9gh\u00e1z 2023 10 kicsi\" \/><\/figure><\/div><div class=\"swiper-slide\" role=\"group\" aria-roledescription=\"slide\" aria-label=\"2 \/ 9\"><figure class=\"swiper-slide-inner\"><img decoding=\"async\" class=\"swiper-slide-image\" src=\"https:\/\/zselicszive.hu\/wp-content\/uploads\/2024\/03\/IMG_20210114_125415-kicsi.jpg\" alt=\"IMG_20210114_125415 kicsi\" \/><\/figure><\/div><div class=\"swiper-slide\" role=\"group\" aria-roledescription=\"slide\" aria-label=\"3 \/ 9\"><figure class=\"swiper-slide-inner\"><img decoding=\"async\" class=\"swiper-slide-image\" src=\"https:\/\/zselicszive.hu\/wp-content\/uploads\/2024\/03\/Zselic-szive-vendeghaz-2023-05-kicsi.jpg\" alt=\"Zselic sz\u00edve vend\u00e9gh\u00e1z 2023 05 kicsi\" \/><\/figure><\/div><div class=\"swiper-slide\" role=\"group\" aria-roledescription=\"slide\" aria-label=\"4 \/ 9\"><figure class=\"swiper-slide-inner\"><img decoding=\"async\" class=\"swiper-slide-image\" src=\"https:\/\/zselicszive.hu\/wp-content\/uploads\/2024\/03\/Zselic-szive-vendeghaz-2023-01-kicsi.jpg\" alt=\"Zselic sz\u00edve vend\u00e9gh\u00e1z 2023 01 kicsi\" \/><\/figure><\/div><div class=\"swiper-slide\" role=\"group\" aria-roledescription=\"slide\" aria-label=\"5 \/ 9\"><figure class=\"swiper-slide-inner\"><img decoding=\"async\" class=\"swiper-slide-image\" src=\"https:\/\/zselicszive.hu\/wp-content\/uploads\/2024\/03\/Zselic-szive-vendeghaz-2023-02-kicsi.jpg\" alt=\"Zselic sz\u00edve vend\u00e9gh\u00e1z 2023 02 kicsi\" \/><\/figure><\/div><div class=\"swiper-slide\" role=\"group\" aria-roledescription=\"slide\" aria-label=\"6 \/ 9\"><figure class=\"swiper-slide-inner\"><img decoding=\"async\" class=\"swiper-slide-image\" src=\"https:\/\/zselicszive.hu\/wp-content\/uploads\/2024\/03\/Zselic-szive-vendeghaz-2023-06-kicsi.jpg\" alt=\"Zselic sz\u00edve vend\u00e9gh\u00e1z 2023 06 kicsi\" \/><\/figure><\/div><div class=\"swiper-slide\" role=\"group\" aria-roledescription=\"slide\" aria-label=\"7 \/ 9\"><figure class=\"swiper-slide-inner\"><img decoding=\"async\" class=\"swiper-slide-image\" src=\"https:\/\/zselicszive.hu\/wp-content\/uploads\/2024\/03\/Zselic-szive-vendeghaz-2023-03-kicsi.jpg\" alt=\"Zselic sz\u00edve vend\u00e9gh\u00e1z 2023 03 kicsi\" \/><\/figure><\/div><div class=\"swiper-slide\" role=\"group\" aria-roledescription=\"slide\" aria-label=\"8 \/ 9\"><figure class=\"swiper-slide-inner\"><img decoding=\"async\" class=\"swiper-slide-image\" src=\"https:\/\/zselicszive.hu\/wp-content\/uploads\/2024\/03\/Zselic-szive-vendeghaz-2023-04-kicsi.jpg\" alt=\"Zselic sz\u00edve vend\u00e9gh\u00e1z 2023 04 kicsi\" \/><\/figure><\/div><div class=\"swiper-slide\" role=\"group\" aria-roledescription=\"slide\" aria-label=\"9 \/ 9\"><figure class=\"swiper-slide-inner\"><img decoding=\"async\" class=\"swiper-slide-image\" src=\"https:\/\/zselicszive.hu\/wp-content\/uploads\/2024\/03\/Zselic-szive-vendeghaz-2023-07-kicsi.jpg\" alt=\"Zselic sz\u00edve vend\u00e9gh\u00e1z 2023 07 kicsi\" \/><\/figure><\/div>\t\t\t<\/div>\n\t\t\t\t\t\t\t\t\t\t\t\t<div class=\"elementor-swiper-button elementor-swiper-button-prev\" role=\"button\" tabindex=\"0\">\n\t\t\t\t\t\t<svg aria-hidden=\"true\" class=\"e-font-icon-svg e-eicon-chevron-left\" viewbox=\"0 0 1000 1000\" xmlns=\"http:\/\/www.w3.org\/2000\/svg\"><path d=\"M646 125C629 125 613 133 604 142L308 442C296 454 292 471 292 487 292 504 296 521 308 533L604 854C617 867 629 875 646 875 663 875 679 871 692 858 704 846 713 829 713 812 713 796 708 779 692 767L438 487 692 225C700 217 708 204 708 187 708 171 704 154 692 142 675 129 663 125 646 125Z\"><\/path><\/svg>\t\t\t\t\t<\/div>\n\t\t\t\t\t<div class=\"elementor-swiper-button elementor-swiper-button-next\" role=\"button\" tabindex=\"0\">\n\t\t\t\t\t\t<svg aria-hidden=\"true\" class=\"e-font-icon-svg e-eicon-chevron-right\" viewbox=\"0 0 1000 1000\" xmlns=\"http:\/\/www.w3.org\/2000\/svg\"><path d=\"M696 533C708 521 713 504 713 487 713 471 708 454 696 446L400 146C388 133 375 125 354 125 338 125 325 129 313 142 300 154 292 171 292 187 292 204 296 221 308 233L563 492 304 771C292 783 288 800 288 817 288 833 296 850 308 863 321 871 338 875 354 875 371 875 388 867 400 854L696 533Z\"><\/path><\/svg>\t\t\t\t\t<\/div>\n\t\t\t\t\n\t\t\t\t\t\t\t\t\t<\/div>\n\t\t\t\t\t\t<\/div>\n\t\t\t\t<\/div>\n\t\t\t\t<div class=\"elementor-element elementor-element-7d5afd2 elementor-widget elementor-widget-text-editor\" data-id=\"7d5afd2\" data-element_type=\"widget\" data-e-type=\"widget\" data-widget_type=\"text-editor.default\">\n\t\t\t\t<div class=\"elementor-widget-container\">\n\t\t\t\t\t\t\t\t\t<p>The Farmhouse is a village guesthouse that can comfortably accommodate 4 people, overlooking the beautiful Zselic forest. The furniture and design are both pleasant and calming. The house has a classic layout, with a fully equipped shared kitchen in the middle, from which the Deer apartment opens to the right, and the Deer apartment to the left. Both apartments have their own separate bathrooms. The house has a spacious, shaded porch, where you can enjoy the setting sun from the lounge.<\/p>\t\t\t\t\t\t\t\t<\/div>\n\t\t\t\t<\/div>\n\t\t\t\t<div class=\"elementor-element elementor-element-cd47fe6 elementor-align-center elementor-widget elementor-widget-button\" data-id=\"cd47fe6\" data-element_type=\"widget\" data-e-type=\"widget\" data-widget_type=\"button.default\">\n\t\t\t\t<div class=\"elementor-widget-container\">\n\t\t\t\t\t\t\t\t\t<div class=\"elementor-button-wrapper\">\n\t\t\t\t\t<a class=\"elementor-button elementor-button-link elementor-size-md\" href=\"https:\/\/zselicszive.hu\/en\/kapcsolat\/\">\n\t\t\t\t\t\t<span class=\"elementor-button-content-wrapper\">\n\t\t\t\t\t\t\t\t\t<span class=\"elementor-button-text\">Book Now<\/span>\n\t\t\t\t\t<\/span>\n\t\t\t\t\t<\/a>\n\t\t\t\t<\/div>\n\t\t\t\t\t\t\t\t<\/div>\n\t\t\t\t<\/div>\n\t\t\t\t<div class=\"elementor-element elementor-element-bec08fe elementor-widget elementor-widget-spacer\" data-id=\"bec08fe\" data-element_type=\"widget\" data-e-type=\"widget\" data-widget_type=\"spacer.default\">\n\t\t\t\t<div class=\"elementor-widget-container\">\n\t\t\t\t\t\t\t<div class=\"elementor-spacer\">\n\t\t\t<div class=\"elementor-spacer-inner\"><\/div>\n\t\t<\/div>\n\t\t\t\t\t\t<\/div>\n\t\t\t\t<\/div>\n\t\t\t\t<div class=\"elementor-element elementor-element-fe5e039 elementor-widget elementor-widget-heading\" data-id=\"fe5e039\" data-element_type=\"widget\" data-e-type=\"widget\" data-widget_type=\"heading.default\">\n\t\t\t\t<div class=\"elementor-widget-container\">\n\t\t\t\t\t<h2 class=\"elementor-heading-title elementor-size-default\">INFORMATIONS <\/h2>\t\t\t\t<\/div>\n\t\t\t\t<\/div>\n\t\t<div class=\"elementor-element elementor-element-ab906ac e-con-full e-flex e-con e-child\" data-id=\"ab906ac\" data-element_type=\"container\" data-e-type=\"container\">\n\t\t\t\t<div class=\"elementor-element elementor-element-9a09e6e elementor-widget elementor-widget-text-editor\" data-id=\"9a09e6e\" data-element_type=\"widget\" data-e-type=\"widget\" data-widget_type=\"text-editor.default\">\n\t\t\t\t<div class=\"elementor-widget-container\">\n\t\t\t\t\t\t\t\t\t<ul><li>can be booked for a maximum of 4+2 people and for a minimum of 2 days<\/li><li>extra bed costs 9000 Ft\/night\/person<\/li><li>only guests are allowed to stay at the accommodation<\/li><li>it has a floor area of \u200b\u200b55 m2<\/li><li>the plot is 6000 m2 shared with the Barnhouse<\/li><li>14,500 Ft\/f\u0151\/\u00e9j a teljes sz\u00e1ll\u00e1sd\u00edj, ami az idegenforgalmi ad\u00f3t is tartalmazza<\/li><li>you can pay with OTP SZ\u00c9P Card, bank card and bank transfer<\/li><li>30% deposit is required for booking<\/li><li>14 days prior to arrival the remaining bill needs to be settled<\/li><li>guests can pick up the keys from a key safe<\/li><li>the reservation can be canceled freely up to 14 days before arrival, we cannot refund the 30% deposit within the 14th day<\/li><li>check in from 15.00 pm<\/li><li>check out until 10.00 am<\/li><li>self catering<\/li><li>en-suite room with walk in shower<\/li><li>pets not allowed<\/li><li>non smoking<\/li><li>electric radiator provides heat<\/li><li>open separate parking space<\/li><\/ul>\t\t\t\t\t\t\t\t<\/div>\n\t\t\t\t<\/div>\n\t\t\t\t<\/div>\n\t\t\t\t<div class=\"elementor-element elementor-element-df4c134 elementor-widget elementor-widget-heading\" data-id=\"df4c134\" data-element_type=\"widget\" data-e-type=\"widget\" data-widget_type=\"heading.default\">\n\t\t\t\t<div class=\"elementor-widget-container\">\n\t\t\t\t\t<h2 class=\"elementor-heading-title elementor-size-default\">FACILITIES<\/h2>\t\t\t\t<\/div>\n\t\t\t\t<\/div>\n\t\t\t\t<div class=\"elementor-element elementor-element-fd82695 elementor-widget-divider--view-line elementor-widget elementor-widget-divider\" data-id=\"fd82695\" data-element_type=\"widget\" data-e-type=\"widget\" data-widget_type=\"divider.default\">\n\t\t\t\t<div class=\"elementor-widget-container\">\n\t\t\t\t\t\t\t<div class=\"elementor-divider\">\n\t\t\t<span class=\"elementor-divider-separator\">\n\t\t\t\t\t\t<\/span>\n\t\t<\/div>\n\t\t\t\t\t\t<\/div>\n\t\t\t\t<\/div>\n\t\t\t\t<\/div>\n\t\t<div class=\"elementor-element elementor-element-7a5a5a8 e-flex e-con-boxed e-con e-parent\" data-id=\"7a5a5a8\" data-element_type=\"container\" data-e-type=\"container\">\n\t\t\t\t\t<div class=\"e-con-inner\">\n\t\t\t\t<div class=\"elementor-element elementor-element-4ba9087 elementor-arrows-position-inside elementor-pagination-position-outside elementor-widget elementor-widget-image-carousel\" data-id=\"4ba9087\" data-element_type=\"widget\" data-e-type=\"widget\" data-settings=\"{&quot;navigation&quot;:&quot;both&quot;,&quot;autoplay&quot;:&quot;yes&quot;,&quot;autoplay_speed&quot;:5000,&quot;infinite&quot;:&quot;yes&quot;,&quot;speed&quot;:500}\" data-widget_type=\"image-carousel.default\">\n\t\t\t\t<div class=\"elementor-widget-container\">\n\t\t\t\t\t\t\t<div class=\"elementor-image-carousel-wrapper swiper\" role=\"region\" aria-roledescription=\"carousel\" aria-label=\"K\u00e9p k\u00f6rhinta\" dir=\"ltr\">\n\t\t\t<div class=\"elementor-image-carousel swiper-wrapper\" aria-live=\"off\">\n\t\t\t\t\t\t\t\t<div class=\"swiper-slide\" role=\"group\" aria-roledescription=\"slide\" aria-label=\"1 \/ 5\"><figure class=\"swiper-slide-inner\"><img decoding=\"async\" class=\"swiper-slide-image\" src=\"https:\/\/zselicszive.hu\/wp-content\/uploads\/2024\/11\/E-bike.jpg\" alt=\"E bike\" \/><\/figure><\/div><div class=\"swiper-slide\" role=\"group\" aria-roledescription=\"slide\" aria-label=\"2 \/ 5\"><figure class=\"swiper-slide-inner\"><img decoding=\"async\" class=\"swiper-slide-image\" src=\"https:\/\/zselicszive.hu\/wp-content\/uploads\/2024\/11\/wifi.jpg\" alt=\"wifi\" \/><\/figure><\/div><div class=\"swiper-slide\" role=\"group\" aria-roledescription=\"slide\" aria-label=\"3 \/ 5\"><figure class=\"swiper-slide-inner\"><img decoding=\"async\" class=\"swiper-slide-image\" src=\"https:\/\/zselicszive.hu\/wp-content\/uploads\/2024\/11\/Tuzrako.jpg\" alt=\"T\u0171zrak\u00f3\" \/><\/figure><\/div><div class=\"swiper-slide\" role=\"group\" aria-roledescription=\"slide\" aria-label=\"4 \/ 5\"><figure class=\"swiper-slide-inner\"><img decoding=\"async\" class=\"swiper-slide-image\" src=\"https:\/\/zselicszive.hu\/wp-content\/uploads\/2024\/11\/Kepernyokep-2024-11-23-153758.jpg\" alt=\"K\u00e9perny\u0151k\u00e9p 2024-11-23 153758\" \/><\/figure><\/div><div class=\"swiper-slide\" role=\"group\" aria-roledescription=\"slide\" aria-label=\"5 \/ 5\"><figure class=\"swiper-slide-inner\"><img decoding=\"async\" class=\"swiper-slide-image\" src=\"https:\/\/zselicszive.hu\/wp-content\/uploads\/2024\/11\/Kerekpar.jpg\" alt=\"Ker\u00e9kp\u00e1r\" \/><\/figure><\/div>\t\t\t<\/div>\n\t\t\t\t\t\t\t\t\t\t\t\t<div class=\"elementor-swiper-button elementor-swiper-button-prev\" role=\"button\" tabindex=\"0\">\n\t\t\t\t\t\t<svg aria-hidden=\"true\" class=\"e-font-icon-svg e-eicon-chevron-left\" viewbox=\"0 0 1000 1000\" xmlns=\"http:\/\/www.w3.org\/2000\/svg\"><path d=\"M646 125C629 125 613 133 604 142L308 442C296 454 292 471 292 487 292 504 296 521 308 533L604 854C617 867 629 875 646 875 663 875 679 871 692 858 704 846 713 829 713 812 713 796 708 779 692 767L438 487 692 225C700 217 708 204 708 187 708 171 704 154 692 142 675 129 663 125 646 125Z\"><\/path><\/svg>\t\t\t\t\t<\/div>\n\t\t\t\t\t<div class=\"elementor-swiper-button elementor-swiper-button-next\" role=\"button\" tabindex=\"0\">\n\t\t\t\t\t\t<svg aria-hidden=\"true\" class=\"e-font-icon-svg e-eicon-chevron-right\" viewbox=\"0 0 1000 1000\" xmlns=\"http:\/\/www.w3.org\/2000\/svg\"><path d=\"M696 533C708 521 713 504 713 487 713 471 708 454 696 446L400 146C388 133 375 125 354 125 338 125 325 129 313 142 300 154 292 171 292 187 292 204 296 221 308 233L563 492 304 771C292 783 288 800 288 817 288 833 296 850 308 863 321 871 338 875 354 875 371 875 388 867 400 854L696 533Z\"><\/path><\/svg>\t\t\t\t\t<\/div>\n\t\t\t\t\n\t\t\t\t\t\t\t\t\t<div class=\"swiper-pagination\"><\/div>\n\t\t\t\t\t\t\t\t\t<\/div>\n\t\t\t\t\t\t<\/div>\n\t\t\t\t<\/div>\n\t\t\t\t\t<\/div>\n\t\t\t\t<\/div>\n\t\t\t\t<\/div>","protected":false},"excerpt":{"rendered":"<p>A Paraszth\u00e1z 4 f\u0151 k\u00e9nyelmes befogad\u00e1s\u00e1ra alkalmas falusi vend\u00e9gh\u00e1z, amely a gy\u00f6ny\u00f6r\u0171 zselici erd\u0151re n\u00e9z. A b\u00fatorok \u00e9s a design is kellemes \u00e9s nyugtat\u00f3. A h\u00e1z klasszikus elrendez\u00e9s\u0171, k\u00f6z\u00e9pen a mindennel felszerelt k\u00f6z\u00f6s konyha, ahonnan jobbra ny\u00edlik a Szarvas apartman, balra pedig az \u0150zike apartman. Mindk\u00e9t apartman saj\u00e1t \u00f6n\u00e1ll\u00f3 f\u00fcrd\u0151szob\u00e1val rendelkezik. A h\u00e1z egy t\u00e1gas [&hellip;]<\/p>\n","protected":false},"author":1,"featured_media":0,"parent":41,"menu_order":0,"comment_status":"closed","ping_status":"closed","template":"elementor_header_footer","meta":{"ngg_post_thumbnail":0,"footnotes":""},"class_list":["post-841","page","type-page","status-publish","hentry","post"],"_links":{"self":[{"href":"https:\/\/zselicszive.hu\/en\/wp-json\/wp\/v2\/pages\/841","targetHints":{"allow":["GET"]}}],"collection":[{"href":"https:\/\/zselicszive.hu\/en\/wp-json\/wp\/v2\/pages"}],"about":[{"href":"https:\/\/zselicszive.hu\/en\/wp-json\/wp\/v2\/types\/page"}],"author":[{"embeddable":true,"href":"https:\/\/zselicszive.hu\/en\/wp-json\/wp\/v2\/users\/1"}],"replies":[{"embeddable":true,"href":"https:\/\/zselicszive.hu\/en\/wp-json\/wp\/v2\/comments?post=841"}],"version-history":[{"count":151,"href":"https:\/\/zselicszive.hu\/en\/wp-json\/wp\/v2\/pages\/841\/revisions"}],"predecessor-version":[{"id":2411,"href":"https:\/\/zselicszive.hu\/en\/wp-json\/wp\/v2\/pages\/841\/revisions\/2411"}],"up":[{"embeddable":true,"href":"https:\/\/zselicszive.hu\/en\/wp-json\/wp\/v2\/pages\/41"}],"wp:attachment":[{"href":"https:\/\/zselicszive.hu\/en\/wp-json\/wp\/v2\/media?parent=841"}],"curies":[{"name":"wp","href":"https:\/\/api.w.org\/{rel}","templated":true}]}}