{"id":41,"date":"2023-10-10T10:33:01","date_gmt":"2023-10-10T10:33:01","guid":{"rendered":"https:\/\/zselicszive.hu\/?page_id=41"},"modified":"2026-03-27T10:33:34","modified_gmt":"2026-03-27T10:33:34","slug":"szallashelyeink","status":"publish","type":"page","link":"https:\/\/zselicszive.hu\/en\/szallashelyeink\/","title":{"rendered":"ACCOMODATIONS"},"content":{"rendered":"<div data-elementor-type=\"wp-page\" data-elementor-id=\"41\" class=\"elementor elementor-41\" data-elementor-post-type=\"page\">\n\t\t\t\t<div class=\"elementor-element elementor-element-57594b2 e-grid e-con-boxed e-con e-parent\" data-id=\"57594b2\" data-element_type=\"container\" data-e-type=\"container\">\n\t\t\t\t\t<div class=\"e-con-inner\">\n\t\t\t\t<div class=\"elementor-element elementor-element-ba23fef elementor-cta--skin-classic elementor-animated-content elementor-bg-transform elementor-bg-transform-zoom-in elementor-widget elementor-widget-call-to-action\" data-id=\"ba23fef\" data-element_type=\"widget\" data-e-type=\"widget\" data-widget_type=\"call-to-action.default\">\n\t\t\t\t<div class=\"elementor-widget-container\">\n\t\t\t\t\t\t\t<a class=\"elementor-cta\" href=\"https:\/\/zselicszive.hu\/en\/szallashelyeink\/paraszthaz\/\">\n\t\t\t\t\t<div class=\"elementor-cta__bg-wrapper\">\n\t\t\t\t<div class=\"elementor-cta__bg elementor-bg\" style=\"background-image: url(https:\/\/zselicszive.hu\/wp-content\/uploads\/2024\/03\/IMG-20210508-WA0023-1024x768.jpg);\" role=\"img\" aria-label=\"IMG-20210508-WA0023\"><\/div>\n\t\t\t\t<div class=\"elementor-cta__bg-overlay\"><\/div>\n\t\t\t<\/div>\n\t\t\t\t\t\t\t<div class=\"elementor-cta__content\">\n\t\t\t\t\n\t\t\t\t\t\t\t\t\t<h2 class=\"elementor-cta__title elementor-cta__content-item elementor-content-item\">\n\t\t\t\t\t\tFARMHOUSE\t\t\t\t\t<\/h2>\n\t\t\t\t\n\t\t\t\t\t\t\t\t\t<div class=\"elementor-cta__description elementor-cta__content-item elementor-content-item\">\n\t\t\t\t\t\t4 f\u0151 k\u00e9nyelmes befogad\u00e1s\u00e1ra alkalmas vend\u00e9gh\u00e1z 14,500 Ft\/f\u0151\/\u00e9jt\u0151l (p\u00f3t\u00e1gyazhat\u00f3)\t\t\t\t\t<\/div>\n\t\t\t\t\n\t\t\t\t\t\t\t\t\t<div class=\"elementor-cta__button-wrapper elementor-cta__content-item elementor-content-item\">\n\t\t\t\t\t<span class=\"elementor-cta__button elementor-button elementor-size-\">\n\t\t\t\t\t\tMore information\t\t\t\t\t<\/span>\n\t\t\t\t\t<\/div>\n\t\t\t\t\t\t\t<\/div>\n\t\t\t\t\t\t<\/a>\n\t\t\t\t\t\t<\/div>\n\t\t\t\t<\/div>\n\t\t\t\t<div class=\"elementor-element elementor-element-2cf5bf6 elementor-cta--skin-classic elementor-animated-content elementor-bg-transform elementor-bg-transform-zoom-in elementor-widget elementor-widget-call-to-action\" data-id=\"2cf5bf6\" data-element_type=\"widget\" data-e-type=\"widget\" data-widget_type=\"call-to-action.default\">\n\t\t\t\t<div class=\"elementor-widget-container\">\n\t\t\t\t\t\t\t<a class=\"elementor-cta\" href=\"https:\/\/zselicszive.hu\/en\/szallashelyeink\/pajtahaz\/\">\n\t\t\t\t\t<div class=\"elementor-cta__bg-wrapper\">\n\t\t\t\t<div class=\"elementor-cta__bg elementor-bg\" style=\"background-image: url(https:\/\/zselicszive.hu\/wp-content\/uploads\/2024\/03\/IMG_20230405_114649-masolata-1-1024x768.jpg);\" role=\"img\" aria-label=\"IMG_20230405_114649 m\u00e1solata\"><\/div>\n\t\t\t\t<div class=\"elementor-cta__bg-overlay\"><\/div>\n\t\t\t<\/div>\n\t\t\t\t\t\t\t<div class=\"elementor-cta__content\">\n\t\t\t\t\n\t\t\t\t\t\t\t\t\t<h2 class=\"elementor-cta__title elementor-cta__content-item elementor-content-item\">\n\t\t\t\t\t\tBARNHOUSE\t\t\t\t\t<\/h2>\n\t\t\t\t\n\t\t\t\t\t\t\t\t\t<div class=\"elementor-cta__description elementor-cta__content-item elementor-content-item\">\n\t\t\t\t\t\tThis house is suitable for 2 people comfortably from 12,500 HUF\/person\/night (extra bed available)\t\t\t\t\t<\/div>\n\t\t\t\t\n\t\t\t\t\t\t\t\t\t<div class=\"elementor-cta__button-wrapper elementor-cta__content-item elementor-content-item\">\n\t\t\t\t\t<span class=\"elementor-cta__button elementor-button elementor-size-\">\n\t\t\t\t\t\tMore information\t\t\t\t\t<\/span>\n\t\t\t\t\t<\/div>\n\t\t\t\t\t\t\t<\/div>\n\t\t\t\t\t\t<\/a>\n\t\t\t\t\t\t<\/div>\n\t\t\t\t<\/div>\n\t\t\t\t<div class=\"elementor-element elementor-element-7bdb9b8 elementor-cta--skin-classic elementor-animated-content elementor-bg-transform elementor-bg-transform-zoom-in elementor-widget elementor-widget-call-to-action\" data-id=\"7bdb9b8\" data-element_type=\"widget\" data-e-type=\"widget\" data-widget_type=\"call-to-action.default\">\n\t\t\t\t<div class=\"elementor-widget-container\">\n\t\t\t\t\t\t\t<a class=\"elementor-cta\" href=\"https:\/\/zselicszive.hu\/en\/szallashelyeink\/teljes-vendeghazak\/\">\n\t\t\t\t\t<div class=\"elementor-cta__bg-wrapper\">\n\t\t\t\t<div class=\"elementor-cta__bg elementor-bg\" style=\"background-image: url(https:\/\/zselicszive.hu\/wp-content\/uploads\/2023\/11\/Zselic-szive-vendeghaz-2023-22-.jpg);\" role=\"img\" aria-label=\"Zselic-szive-vendeghaz-2023-22-\"><\/div>\n\t\t\t\t<div class=\"elementor-cta__bg-overlay\"><\/div>\n\t\t\t<\/div>\n\t\t\t\t\t\t\t<div class=\"elementor-cta__content\">\n\t\t\t\t\n\t\t\t\t\t\t\t\t\t<h2 class=\"elementor-cta__title elementor-cta__content-item elementor-content-item\">\n\t\t\t\t\t\tALL UNITS\t\t\t\t\t<\/h2>\n\t\t\t\t\n\t\t\t\t\t\t\t\t\t<div class=\"elementor-cta__description elementor-cta__content-item elementor-content-item\">\n\t\t\t\t\t\tThese houses are suitable for 6+2 people comfortably from 10,000 HUF\/person\/night (extra bed available) \t\t\t\t\t<\/div>\n\t\t\t\t\n\t\t\t\t\t\t\t\t\t<div class=\"elementor-cta__button-wrapper elementor-cta__content-item elementor-content-item\">\n\t\t\t\t\t<span class=\"elementor-cta__button elementor-button elementor-size-\">\n\t\t\t\t\t\tMore information\t\t\t\t\t<\/span>\n\t\t\t\t\t<\/div>\n\t\t\t\t\t\t\t<\/div>\n\t\t\t\t\t\t<\/a>\n\t\t\t\t\t\t<\/div>\n\t\t\t\t<\/div>\n\t\t\t\t\t<\/div>\n\t\t\t\t<\/div>\n\t\t\t\t<\/div>","protected":false},"excerpt":{"rendered":"<p>PARASZTH\u00c1Z 4 f\u0151 k\u00e9nyelmes befogad\u00e1s\u00e1ra alkalmas vend\u00e9gh\u00e1z 14,500 Ft\/f\u0151\/\u00e9jt\u0151l (p\u00f3t\u00e1gyazhat\u00f3) B\u0151vebb inform\u00e1ci\u00f3 PAJTAH\u00c1Z 2 f\u0151 k\u00e9nyelmes befogad\u00e1s\u00e1ra alkalmas vend\u00e9gh\u00e1z 12,000 Ft\/f\u0151\/\u00e9jt\u0151l (p\u00f3t\u00e1gyazhat\u00f3) B\u0151vebb inform\u00e1ci\u00f3 TELJES VEND\u00c9GH\u00c1ZAK minimum 6 f\u0151 maximum 8 f\u0151 k\u00e9nyelmes befogad\u00e1s\u00e1ra alkalmas vend\u00e9gh\u00e1zak 10,000 Ft\/f\u0151\/\u00e9jt\u0151l B\u0151vebb infrom\u00e1ci\u00f3<\/p>","protected":false},"author":1,"featured_media":0,"parent":0,"menu_order":0,"comment_status":"closed","ping_status":"closed","template":"","meta":{"ngg_post_thumbnail":0,"footnotes":""},"class_list":["post-41","page","type-page","status-publish","hentry","post"],"_links":{"self":[{"href":"https:\/\/zselicszive.hu\/en\/wp-json\/wp\/v2\/pages\/41","targetHints":{"allow":["GET"]}}],"collection":[{"href":"https:\/\/zselicszive.hu\/en\/wp-json\/wp\/v2\/pages"}],"about":[{"href":"https:\/\/zselicszive.hu\/en\/wp-json\/wp\/v2\/types\/page"}],"author":[{"embeddable":true,"href":"https:\/\/zselicszive.hu\/en\/wp-json\/wp\/v2\/users\/1"}],"replies":[{"embeddable":true,"href":"https:\/\/zselicszive.hu\/en\/wp-json\/wp\/v2\/comments?post=41"}],"version-history":[{"count":113,"href":"https:\/\/zselicszive.hu\/en\/wp-json\/wp\/v2\/pages\/41\/revisions"}],"predecessor-version":[{"id":2414,"href":"https:\/\/zselicszive.hu\/en\/wp-json\/wp\/v2\/pages\/41\/revisions\/2414"}],"wp:attachment":[{"href":"https:\/\/zselicszive.hu\/en\/wp-json\/wp\/v2\/media?parent=41"}],"curies":[{"name":"wp","href":"https:\/\/api.w.org\/{rel}","templated":true}]}}