{"id":2165,"date":"2025-11-10T07:44:00","date_gmt":"2025-11-10T07:44:00","guid":{"rendered":"https:\/\/zselicszive.hu\/?page_id=2165"},"modified":"2025-12-27T16:40:09","modified_gmt":"2025-12-27T16:40:09","slug":"teljes-vendeghazak","status":"publish","type":"page","link":"https:\/\/zselicszive.hu\/en\/szallashelyeink\/teljes-vendeghazak\/","title":{"rendered":"ALL UNITS"},"content":{"rendered":"<div data-elementor-type=\"wp-page\" data-elementor-id=\"2165\" class=\"elementor elementor-2165\" data-elementor-post-type=\"page\">\n\t\t\t\t<div class=\"elementor-element elementor-element-5767eb0 e-flex e-con-boxed e-con e-parent\" data-id=\"5767eb0\" data-element_type=\"container\" data-e-type=\"container\">\n\t\t\t\t\t<div class=\"e-con-inner\">\n\t\t<div class=\"elementor-element elementor-element-497a402 e-con-full e-flex e-con e-child\" data-id=\"497a402\" data-element_type=\"container\" data-e-type=\"container\">\n\t\t\t\t<div class=\"elementor-element elementor-element-e31932f elementor-arrows-position-inside elementor-widget elementor-widget-image-carousel\" data-id=\"e31932f\" data-element_type=\"widget\" data-e-type=\"widget\" data-settings=\"{&quot;navigation&quot;:&quot;arrows&quot;,&quot;pause_on_hover&quot;:&quot;no&quot;,&quot;pause_on_interaction&quot;:&quot;no&quot;,&quot;autoplay_speed&quot;:3000,&quot;autoplay&quot;:&quot;yes&quot;,&quot;infinite&quot;:&quot;yes&quot;,&quot;speed&quot;:500,&quot;image_spacing_custom&quot;:{&quot;unit&quot;:&quot;px&quot;,&quot;size&quot;:20,&quot;sizes&quot;:[]},&quot;image_spacing_custom_tablet&quot;:{&quot;unit&quot;:&quot;px&quot;,&quot;size&quot;:&quot;&quot;,&quot;sizes&quot;:[]},&quot;image_spacing_custom_mobile&quot;:{&quot;unit&quot;:&quot;px&quot;,&quot;size&quot;:&quot;&quot;,&quot;sizes&quot;:[]}}\" data-widget_type=\"image-carousel.default\">\n\t\t\t\t<div class=\"elementor-widget-container\">\n\t\t\t\t\t\t\t<div class=\"elementor-image-carousel-wrapper swiper\" role=\"region\" aria-roledescription=\"carousel\" aria-label=\"K\u00e9p k\u00f6rhinta\" dir=\"ltr\">\n\t\t\t<div class=\"elementor-image-carousel swiper-wrapper swiper-image-stretch\" aria-live=\"off\">\n\t\t\t\t\t\t\t\t<div class=\"swiper-slide\" role=\"group\" aria-roledescription=\"slide\" aria-label=\"1 \/ 16\"><figure class=\"swiper-slide-inner\"><img decoding=\"async\" class=\"swiper-slide-image\" src=\"https:\/\/zselicszive.hu\/wp-content\/uploads\/2024\/03\/Zselic-szive-vendeghaz-2023-10-kicsi-2.jpg\" alt=\"Zselic sz\u00edve vend\u00e9gh\u00e1z 2023 10 kicsi\" \/><\/figure><\/div><div class=\"swiper-slide\" role=\"group\" aria-roledescription=\"slide\" aria-label=\"2 \/ 16\"><figure class=\"swiper-slide-inner\"><img decoding=\"async\" class=\"swiper-slide-image\" src=\"https:\/\/zselicszive.hu\/wp-content\/uploads\/2024\/03\/IMG_20210114_125415-kicsi.jpg\" alt=\"IMG_20210114_125415 kicsi\" \/><\/figure><\/div><div class=\"swiper-slide\" role=\"group\" aria-roledescription=\"slide\" aria-label=\"3 \/ 16\"><figure class=\"swiper-slide-inner\"><img decoding=\"async\" class=\"swiper-slide-image\" src=\"https:\/\/zselicszive.hu\/wp-content\/uploads\/2024\/03\/Zselic-szive-vendeghaz-2023-05-kicsi.jpg\" alt=\"Zselic sz\u00edve vend\u00e9gh\u00e1z 2023 05 kicsi\" \/><\/figure><\/div><div class=\"swiper-slide\" role=\"group\" aria-roledescription=\"slide\" aria-label=\"4 \/ 16\"><figure class=\"swiper-slide-inner\"><img decoding=\"async\" class=\"swiper-slide-image\" src=\"https:\/\/zselicszive.hu\/wp-content\/uploads\/2024\/03\/Zselic-szive-vendeghaz-2023-01-kicsi.jpg\" alt=\"Zselic sz\u00edve vend\u00e9gh\u00e1z 2023 01 kicsi\" \/><\/figure><\/div><div class=\"swiper-slide\" role=\"group\" aria-roledescription=\"slide\" aria-label=\"5 \/ 16\"><figure class=\"swiper-slide-inner\"><img decoding=\"async\" class=\"swiper-slide-image\" src=\"https:\/\/zselicszive.hu\/wp-content\/uploads\/2024\/03\/Zselic-szive-vendeghaz-2023-02-kicsi.jpg\" alt=\"Zselic sz\u00edve vend\u00e9gh\u00e1z 2023 02 kicsi\" \/><\/figure><\/div><div class=\"swiper-slide\" role=\"group\" aria-roledescription=\"slide\" aria-label=\"6 \/ 16\"><figure class=\"swiper-slide-inner\"><img decoding=\"async\" class=\"swiper-slide-image\" src=\"https:\/\/zselicszive.hu\/wp-content\/uploads\/2024\/03\/Zselic-szive-vendeghaz-2023-06-kicsi.jpg\" alt=\"Zselic sz\u00edve vend\u00e9gh\u00e1z 2023 06 kicsi\" \/><\/figure><\/div><div class=\"swiper-slide\" role=\"group\" aria-roledescription=\"slide\" aria-label=\"7 \/ 16\"><figure class=\"swiper-slide-inner\"><img decoding=\"async\" class=\"swiper-slide-image\" src=\"https:\/\/zselicszive.hu\/wp-content\/uploads\/2024\/03\/Zselic-szive-vendeghaz-2023-03-kicsi.jpg\" alt=\"Zselic sz\u00edve vend\u00e9gh\u00e1z 2023 03 kicsi\" \/><\/figure><\/div><div class=\"swiper-slide\" role=\"group\" aria-roledescription=\"slide\" aria-label=\"8 \/ 16\"><figure class=\"swiper-slide-inner\"><img decoding=\"async\" class=\"swiper-slide-image\" src=\"https:\/\/zselicszive.hu\/wp-content\/uploads\/2024\/03\/Zselic-szive-vendeghaz-2023-04-kicsi.jpg\" alt=\"Zselic sz\u00edve vend\u00e9gh\u00e1z 2023 04 kicsi\" \/><\/figure><\/div><div class=\"swiper-slide\" role=\"group\" aria-roledescription=\"slide\" aria-label=\"9 \/ 16\"><figure class=\"swiper-slide-inner\"><img decoding=\"async\" class=\"swiper-slide-image\" src=\"https:\/\/zselicszive.hu\/wp-content\/uploads\/2024\/03\/Zselic-szive-vendeghaz-2023-07-kicsi.jpg\" alt=\"Zselic sz\u00edve vend\u00e9gh\u00e1z 2023 07 kicsi\" \/><\/figure><\/div><div class=\"swiper-slide\" role=\"group\" aria-roledescription=\"slide\" aria-label=\"10 \/ 16\"><figure class=\"swiper-slide-inner\"><img decoding=\"async\" class=\"swiper-slide-image\" src=\"https:\/\/zselicszive.hu\/wp-content\/uploads\/2024\/03\/Zselic-szive-vendeghaz-2023-12-kicsi.jpg\" alt=\"Zselic sz\u00edve vend\u00e9gh\u00e1z 2023 12 kicsi\" \/><\/figure><\/div><div class=\"swiper-slide\" role=\"group\" aria-roledescription=\"slide\" aria-label=\"11 \/ 16\"><figure class=\"swiper-slide-inner\"><img decoding=\"async\" class=\"swiper-slide-image\" src=\"https:\/\/zselicszive.hu\/wp-content\/uploads\/2024\/03\/Zselic-szive-vendeghaz-2023-13-kicsi-masolata.jpg\" alt=\"Zselic sz\u00edve vend\u00e9gh\u00e1z 2023 13 kicsi m\u00e1solata\" \/><\/figure><\/div><div class=\"swiper-slide\" role=\"group\" aria-roledescription=\"slide\" aria-label=\"12 \/ 16\"><figure class=\"swiper-slide-inner\"><img decoding=\"async\" class=\"swiper-slide-image\" src=\"https:\/\/zselicszive.hu\/wp-content\/uploads\/2024\/03\/Zselic-szive-vendeghaz-2023-20-kicsi.jpg\" alt=\"Zselic sz\u00edve vend\u00e9gh\u00e1z 2023 20 kicsi\" \/><\/figure><\/div><div class=\"swiper-slide\" role=\"group\" aria-roledescription=\"slide\" aria-label=\"13 \/ 16\"><figure class=\"swiper-slide-inner\"><img decoding=\"async\" class=\"swiper-slide-image\" src=\"https:\/\/zselicszive.hu\/wp-content\/uploads\/2024\/03\/Zselic-szive-vendeghaz-2023-18-kicsi-masolata.jpg\" alt=\"Zselic sz\u00edve vend\u00e9gh\u00e1z 2023 18 kicsi m\u00e1solata\" \/><\/figure><\/div><div class=\"swiper-slide\" role=\"group\" aria-roledescription=\"slide\" aria-label=\"14 \/ 16\"><figure class=\"swiper-slide-inner\"><img decoding=\"async\" class=\"swiper-slide-image\" src=\"https:\/\/zselicszive.hu\/wp-content\/uploads\/2024\/03\/IMG_20220405_115236-3-scaled.jpg\" alt=\"IMG_20220405_115236\" \/><\/figure><\/div><div class=\"swiper-slide\" role=\"group\" aria-roledescription=\"slide\" aria-label=\"15 \/ 16\"><figure class=\"swiper-slide-inner\"><img decoding=\"async\" class=\"swiper-slide-image\" src=\"https:\/\/zselicszive.hu\/wp-content\/uploads\/2024\/03\/Zselic-szive-vendeghaz-2023-19-kicsi-masolata.jpg\" alt=\"Zselic sz\u00edve vend\u00e9gh\u00e1z 2023 19 kicsi m\u00e1solata\" \/><\/figure><\/div><div class=\"swiper-slide\" role=\"group\" aria-roledescription=\"slide\" aria-label=\"16 \/ 16\"><figure class=\"swiper-slide-inner\"><img decoding=\"async\" class=\"swiper-slide-image\" src=\"https:\/\/zselicszive.hu\/wp-content\/uploads\/2024\/03\/Zselic-szive-vendeghaz-2023-17-kicsi-masolata.jpg\" alt=\"Zselic sz\u00edve vend\u00e9gh\u00e1z 2023 17 kicsi m\u00e1solata\" \/><\/figure><\/div>\t\t\t<\/div>\n\t\t\t\t\t\t\t\t\t\t\t\t<div class=\"elementor-swiper-button elementor-swiper-button-prev\" role=\"button\" tabindex=\"0\">\n\t\t\t\t\t\t<svg aria-hidden=\"true\" class=\"e-font-icon-svg e-eicon-chevron-left\" viewbox=\"0 0 1000 1000\" xmlns=\"http:\/\/www.w3.org\/2000\/svg\"><path d=\"M646 125C629 125 613 133 604 142L308 442C296 454 292 471 292 487 292 504 296 521 308 533L604 854C617 867 629 875 646 875 663 875 679 871 692 858 704 846 713 829 713 812 713 796 708 779 692 767L438 487 692 225C700 217 708 204 708 187 708 171 704 154 692 142 675 129 663 125 646 125Z\"><\/path><\/svg>\t\t\t\t\t<\/div>\n\t\t\t\t\t<div class=\"elementor-swiper-button elementor-swiper-button-next\" role=\"button\" tabindex=\"0\">\n\t\t\t\t\t\t<svg aria-hidden=\"true\" class=\"e-font-icon-svg e-eicon-chevron-right\" viewbox=\"0 0 1000 1000\" xmlns=\"http:\/\/www.w3.org\/2000\/svg\"><path d=\"M696 533C708 521 713 504 713 487 713 471 708 454 696 446L400 146C388 133 375 125 354 125 338 125 325 129 313 142 300 154 292 171 292 187 292 204 296 221 308 233L563 492 304 771C292 783 288 800 288 817 288 833 296 850 308 863 321 871 338 875 354 875 371 875 388 867 400 854L696 533Z\"><\/path><\/svg>\t\t\t\t\t<\/div>\n\t\t\t\t\n\t\t\t\t\t\t\t\t\t<\/div>\n\t\t\t\t\t\t<\/div>\n\t\t\t\t<\/div>\n\t\t\t\t<div class=\"elementor-element elementor-element-1806d56 elementor-widget elementor-widget-text-editor\" data-id=\"1806d56\" data-element_type=\"widget\" data-e-type=\"widget\" data-widget_type=\"text-editor.default\">\n\t\t\t\t<div class=\"elementor-widget-container\">\n\t\t\t\t\t\t\t\t\t<p>The Farmhouse and the Barn House are rural guesthouses that comfortably accommodate 6+2 people and overlook the beautiful Zselic forest. The two guesthouses are very close to each other, making them perfect for groups of friends, family gatherings, yoga and retreat camps, cycling and hiking gatherings. Both guesthouses are equipped with everything you need for a comfortable stay.\u00a0<\/p>\n<p>\u00a0<\/p>\t\t\t\t\t\t\t\t<\/div>\n\t\t\t\t<\/div>\n\t\t\t\t<div class=\"elementor-element elementor-element-ef78508 elementor-align-center elementor-widget elementor-widget-button\" data-id=\"ef78508\" data-element_type=\"widget\" data-e-type=\"widget\" data-widget_type=\"button.default\">\n\t\t\t\t<div class=\"elementor-widget-container\">\n\t\t\t\t\t\t\t\t\t<div class=\"elementor-button-wrapper\">\n\t\t\t\t\t<a class=\"elementor-button elementor-button-link elementor-size-md\" href=\"https:\/\/zselicszive.hu\/en\/kapcsolat\/\">\n\t\t\t\t\t\t<span class=\"elementor-button-content-wrapper\">\n\t\t\t\t\t\t\t\t\t<span class=\"elementor-button-text\">Book Now<\/span>\n\t\t\t\t\t<\/span>\n\t\t\t\t\t<\/a>\n\t\t\t\t<\/div>\n\t\t\t\t\t\t\t\t<\/div>\n\t\t\t\t<\/div>\n\t\t\t\t<div class=\"elementor-element elementor-element-99403ee elementor-widget elementor-widget-spacer\" data-id=\"99403ee\" data-element_type=\"widget\" data-e-type=\"widget\" data-widget_type=\"spacer.default\">\n\t\t\t\t<div class=\"elementor-widget-container\">\n\t\t\t\t\t\t\t<div class=\"elementor-spacer\">\n\t\t\t<div class=\"elementor-spacer-inner\"><\/div>\n\t\t<\/div>\n\t\t\t\t\t\t<\/div>\n\t\t\t\t<\/div>\n\t\t\t\t<div class=\"elementor-element elementor-element-0a6ef6f elementor-widget elementor-widget-heading\" data-id=\"0a6ef6f\" data-element_type=\"widget\" data-e-type=\"widget\" data-widget_type=\"heading.default\">\n\t\t\t\t<div class=\"elementor-widget-container\">\n\t\t\t\t\t<h2 class=\"elementor-heading-title elementor-size-default\">INFORMATIONS <\/h2>\t\t\t\t<\/div>\n\t\t\t\t<\/div>\n\t\t<div class=\"elementor-element elementor-element-ff8a98d e-con-full e-flex e-con e-child\" data-id=\"ff8a98d\" data-element_type=\"container\" data-e-type=\"container\">\n\t\t\t\t<div class=\"elementor-element elementor-element-f6c0860 elementor-widget elementor-widget-text-editor\" data-id=\"f6c0860\" data-element_type=\"widget\" data-e-type=\"widget\" data-widget_type=\"text-editor.default\">\n\t\t\t\t<div class=\"elementor-widget-container\">\n\t\t\t\t\t\t\t\t\t<ul>\n<li>can be booked for a minimum 6 and maximum of 8 people and for a minimum stay of 2 days<\/li>\n<li>extra bed costs 9000 Ft\/night\/person<\/li>\n<li>only guests are allowed to stay at the accommodation<\/li>\n<li>it has a floor area of \u200b\u200b145 m2<\/li>\n<li>6020 m2 garden area\u00a0<\/li>\n<li>the accomodation fee is 10,000 HUF\/person\/night which includes the tourist tax<\/li>\n<li>you can pay with OTP SZ\u00c9P Card, bank card and bank transfer<\/li>\n<li>30% deposit is required for booking<\/li>\n<li>14 days prior to arrival the remaining bill needs to be settled<\/li>\n<li>guests can pick up the keys from a key safe<\/li>\n<li>the reservation can be canceled freely up to 14 days before arrival, we cannot refund the 30% deposit within the 14th day<\/li>\n<li>check in from 15.00 pm<\/li>\n<li>check out until 10.00 am<\/li>\n<li>self catering<\/li>\n<li>en-suite room with walk in shower<\/li>\n<li>pets not allowed<\/li>\n<li>non smoking<\/li>\n<li>electric radiator provides heat<\/li>\n<li>open separate parking space<\/li>\n<\/ul>\t\t\t\t\t\t\t\t<\/div>\n\t\t\t\t<\/div>\n\t\t\t\t<\/div>\n\t\t\t\t<div class=\"elementor-element elementor-element-6249d0d elementor-widget elementor-widget-heading\" data-id=\"6249d0d\" data-element_type=\"widget\" data-e-type=\"widget\" data-widget_type=\"heading.default\">\n\t\t\t\t<div class=\"elementor-widget-container\">\n\t\t\t\t\t<h2 class=\"elementor-heading-title elementor-size-default\">FACILITIES<\/h2>\t\t\t\t<\/div>\n\t\t\t\t<\/div>\n\t\t\t\t<div class=\"elementor-element elementor-element-686fddf elementor-widget-divider--view-line elementor-widget elementor-widget-divider\" data-id=\"686fddf\" data-element_type=\"widget\" data-e-type=\"widget\" data-widget_type=\"divider.default\">\n\t\t\t\t<div class=\"elementor-widget-container\">\n\t\t\t\t\t\t\t<div class=\"elementor-divider\">\n\t\t\t<span class=\"elementor-divider-separator\">\n\t\t\t\t\t\t<\/span>\n\t\t<\/div>\n\t\t\t\t\t\t<\/div>\n\t\t\t\t<\/div>\n\t\t\t\t<\/div>\n\t\t\t\t\t<\/div>\n\t\t\t\t<\/div>\n\t\t<div class=\"elementor-element elementor-element-4909d7b e-flex e-con-boxed e-con e-parent\" data-id=\"4909d7b\" data-element_type=\"container\" data-e-type=\"container\">\n\t\t\t\t\t<div class=\"e-con-inner\">\n\t\t\t\t<div class=\"elementor-element elementor-element-4c6cd43 elementor-arrows-position-inside elementor-pagination-position-outside elementor-widget elementor-widget-image-carousel\" data-id=\"4c6cd43\" data-element_type=\"widget\" data-e-type=\"widget\" data-settings=\"{&quot;navigation&quot;:&quot;both&quot;,&quot;autoplay&quot;:&quot;yes&quot;,&quot;autoplay_speed&quot;:5000,&quot;infinite&quot;:&quot;yes&quot;,&quot;speed&quot;:500}\" data-widget_type=\"image-carousel.default\">\n\t\t\t\t<div class=\"elementor-widget-container\">\n\t\t\t\t\t\t\t<div class=\"elementor-image-carousel-wrapper swiper\" role=\"region\" aria-roledescription=\"carousel\" aria-label=\"K\u00e9p k\u00f6rhinta\" dir=\"ltr\">\n\t\t\t<div class=\"elementor-image-carousel swiper-wrapper\" aria-live=\"off\">\n\t\t\t\t\t\t\t\t<div class=\"swiper-slide\" role=\"group\" aria-roledescription=\"slide\" aria-label=\"1 \/ 5\"><figure class=\"swiper-slide-inner\"><img decoding=\"async\" class=\"swiper-slide-image\" src=\"https:\/\/zselicszive.hu\/wp-content\/uploads\/2024\/11\/E-bike.jpg\" alt=\"E bike\" \/><\/figure><\/div><div class=\"swiper-slide\" role=\"group\" aria-roledescription=\"slide\" aria-label=\"2 \/ 5\"><figure class=\"swiper-slide-inner\"><img decoding=\"async\" class=\"swiper-slide-image\" src=\"https:\/\/zselicszive.hu\/wp-content\/uploads\/2024\/11\/wifi.jpg\" alt=\"wifi\" \/><\/figure><\/div><div class=\"swiper-slide\" role=\"group\" aria-roledescription=\"slide\" aria-label=\"3 \/ 5\"><figure class=\"swiper-slide-inner\"><img decoding=\"async\" class=\"swiper-slide-image\" src=\"https:\/\/zselicszive.hu\/wp-content\/uploads\/2024\/11\/Tuzrako.jpg\" alt=\"T\u0171zrak\u00f3\" \/><\/figure><\/div><div class=\"swiper-slide\" role=\"group\" aria-roledescription=\"slide\" aria-label=\"4 \/ 5\"><figure class=\"swiper-slide-inner\"><img decoding=\"async\" class=\"swiper-slide-image\" src=\"https:\/\/zselicszive.hu\/wp-content\/uploads\/2024\/11\/Kepernyokep-2024-11-23-153758.jpg\" alt=\"K\u00e9perny\u0151k\u00e9p 2024-11-23 153758\" \/><\/figure><\/div><div class=\"swiper-slide\" role=\"group\" aria-roledescription=\"slide\" aria-label=\"5 \/ 5\"><figure class=\"swiper-slide-inner\"><img decoding=\"async\" class=\"swiper-slide-image\" src=\"https:\/\/zselicszive.hu\/wp-content\/uploads\/2024\/11\/Kerekpar.jpg\" alt=\"Ker\u00e9kp\u00e1r\" \/><\/figure><\/div>\t\t\t<\/div>\n\t\t\t\t\t\t\t\t\t\t\t\t<div class=\"elementor-swiper-button elementor-swiper-button-prev\" role=\"button\" tabindex=\"0\">\n\t\t\t\t\t\t<svg aria-hidden=\"true\" class=\"e-font-icon-svg e-eicon-chevron-left\" viewbox=\"0 0 1000 1000\" xmlns=\"http:\/\/www.w3.org\/2000\/svg\"><path d=\"M646 125C629 125 613 133 604 142L308 442C296 454 292 471 292 487 292 504 296 521 308 533L604 854C617 867 629 875 646 875 663 875 679 871 692 858 704 846 713 829 713 812 713 796 708 779 692 767L438 487 692 225C700 217 708 204 708 187 708 171 704 154 692 142 675 129 663 125 646 125Z\"><\/path><\/svg>\t\t\t\t\t<\/div>\n\t\t\t\t\t<div class=\"elementor-swiper-button elementor-swiper-button-next\" role=\"button\" tabindex=\"0\">\n\t\t\t\t\t\t<svg aria-hidden=\"true\" class=\"e-font-icon-svg e-eicon-chevron-right\" viewbox=\"0 0 1000 1000\" xmlns=\"http:\/\/www.w3.org\/2000\/svg\"><path d=\"M696 533C708 521 713 504 713 487 713 471 708 454 696 446L400 146C388 133 375 125 354 125 338 125 325 129 313 142 300 154 292 171 292 187 292 204 296 221 308 233L563 492 304 771C292 783 288 800 288 817 288 833 296 850 308 863 321 871 338 875 354 875 371 875 388 867 400 854L696 533Z\"><\/path><\/svg>\t\t\t\t\t<\/div>\n\t\t\t\t\n\t\t\t\t\t\t\t\t\t<div class=\"swiper-pagination\"><\/div>\n\t\t\t\t\t\t\t\t\t<\/div>\n\t\t\t\t\t\t<\/div>\n\t\t\t\t<\/div>\n\t\t\t\t\t<\/div>\n\t\t\t\t<\/div>\n\t\t\t\t<\/div>","protected":false},"excerpt":{"rendered":"<p>A Paraszth\u00e1z \u00e9s a Pajtah\u00e1z 6+2\u00a0 f\u0151 k\u00e9nyelmes befogad\u00e1s\u00e1ra alkalmas falusi vend\u00e9gh\u00e1zak, amelyek a gy\u00f6ny\u00f6r\u0171 zselici erd\u0151re n\u00e9znek. A k\u00e9t vend\u00e9gh\u00e1z egym\u00e1shoz nagyon k\u00f6zel van, \u00edgy bar\u00e1ti t\u00e1rsas\u00e1gok, csal\u00e1di \u00f6sszej\u00f6vetelek, j\u00f3ga \u00e9s elvonul\u00f3s t\u00e1borok, biciklis \u00e9s t\u00farista \u00f6sszej\u00f6vetelekre t\u00f6k\u00e9letes. Mind a k\u00e9t vend\u00e9gh\u00e1z mindennel felszerelt, ami a k\u00e9nyelmes itt tart\u00f3zkod\u00e1shoz sz\u00fcks\u00e9ges.\u00a0 \u00a0 Foglalj most FONTOS [&hellip;]<\/p>\n","protected":false},"author":1,"featured_media":0,"parent":41,"menu_order":0,"comment_status":"closed","ping_status":"closed","template":"elementor_header_footer","meta":{"ngg_post_thumbnail":0,"footnotes":""},"class_list":["post-2165","page","type-page","status-publish","hentry","post"],"_links":{"self":[{"href":"https:\/\/zselicszive.hu\/en\/wp-json\/wp\/v2\/pages\/2165","targetHints":{"allow":["GET"]}}],"collection":[{"href":"https:\/\/zselicszive.hu\/en\/wp-json\/wp\/v2\/pages"}],"about":[{"href":"https:\/\/zselicszive.hu\/en\/wp-json\/wp\/v2\/types\/page"}],"author":[{"embeddable":true,"href":"https:\/\/zselicszive.hu\/en\/wp-json\/wp\/v2\/users\/1"}],"replies":[{"embeddable":true,"href":"https:\/\/zselicszive.hu\/en\/wp-json\/wp\/v2\/comments?post=2165"}],"version-history":[{"count":28,"href":"https:\/\/zselicszive.hu\/en\/wp-json\/wp\/v2\/pages\/2165\/revisions"}],"predecessor-version":[{"id":2343,"href":"https:\/\/zselicszive.hu\/en\/wp-json\/wp\/v2\/pages\/2165\/revisions\/2343"}],"up":[{"embeddable":true,"href":"https:\/\/zselicszive.hu\/en\/wp-json\/wp\/v2\/pages\/41"}],"wp:attachment":[{"href":"https:\/\/zselicszive.hu\/en\/wp-json\/wp\/v2\/media?parent=2165"}],"curies":[{"name":"wp","href":"https:\/\/api.w.org\/{rel}","templated":true}]}}